{"id":271,"date":"2020-03-18T20:09:26","date_gmt":"2020-03-18T20:09:26","guid":{"rendered":"https:\/\/geokalk.hu\/?page_id=271"},"modified":"2023-08-10T13:41:34","modified_gmt":"2023-08-10T13:41:34","slug":"arajanlatkeres","status":"publish","type":"page","link":"https:\/\/geokalk.hu\/en\/arajanlatkeres\/","title":{"rendered":"Get Your Quote"},"content":{"rendered":"<p>[et_pb_section fb_built=&#8221;1&#8243; admin_label=&#8221;Header&#8221; _builder_version=&#8221;4.16&#8243; use_background_color_gradient=&#8221;on&#8221; background_color_gradient_type=&#8221;circular&#8221; background_color_gradient_direction_radial=&#8221;top left&#8221; background_color_gradient_stops=&#8221;rgba(255,255,255,0.89) 30%|rgba(255,255,255,0) 80%&#8221; background_color_gradient_overlays_image=&#8221;on&#8221; background_color_gradient_start=&#8221;rgba(255,255,255,0.89)&#8221; background_color_gradient_start_position=&#8221;30%&#8221; background_color_gradient_end=&#8221;rgba(255,255,255,0)&#8221; background_color_gradient_end_position=&#8221;80%&#8221; background_image=&#8221;https:\/\/geokalk.hu\/wp-content\/uploads\/2019\/06\/Corn_photo-cred-Adobestock_E.jpg&#8221; custom_padding=&#8221;3vw|0px|10px|0px|false|false&#8221; locked=&#8221;off&#8221; global_colors_info=&#8221;{}&#8221;][et_pb_row _builder_version=&#8221;4.16&#8243; global_colors_info=&#8221;{}&#8221;][et_pb_column type=&#8221;4_4&#8243; _builder_version=&#8221;4.16&#8243; custom_padding=&#8221;|||&#8221; global_colors_info=&#8221;{}&#8221; custom_padding__hover=&#8221;|||&#8221;][et_pb_text _builder_version=&#8221;4.17.4&#8243; text_font=&#8221;||||||||&#8221; header_font=&#8221;Raleway|700|||||||&#8221; header_font_size=&#8221;70px&#8221; header_line_height=&#8221;1.2em&#8221; header_5_font=&#8221;Raleway|700||on|||||&#8221; header_5_text_color=&#8221;#000000&#8243; header_5_font_size=&#8221;20px&#8221; header_5_letter_spacing=&#8221;0.5em&#8221; header_5_line_height=&#8221;1.8em&#8221; animation_style=&#8221;zoom&#8221; animation_intensity_zoom=&#8221;5%&#8221; header_font_size_tablet=&#8221;48px&#8221; header_font_size_phone=&#8221;32px&#8221; header_font_size_last_edited=&#8221;on|phone&#8221; header_5_font_size_tablet=&#8221;14px&#8221; header_5_font_size_phone=&#8221;12px&#8221; header_5_font_size_last_edited=&#8221;on|desktop&#8221; global_colors_info=&#8221;{}&#8221;]<\/p>\n<h5>REQUEST A QUOTE<\/h5>\n<h1>PERSONALISED QUOTES<\/h1>\n<p>[\/et_pb_text][\/et_pb_column][\/et_pb_row][\/et_pb_section][et_pb_section fb_built=&#8221;1&#8243; _builder_version=&#8221;4.16&#8243; custom_padding=&#8221;28px|0px|53px|0px|false|false&#8221; global_colors_info=&#8221;{}&#8221;][et_pb_row _builder_version=&#8221;4.16&#8243; custom_padding=&#8221;27px|0px|0|0px|false|false&#8221; global_colors_info=&#8221;{}&#8221;][et_pb_column type=&#8221;4_4&#8243; _builder_version=&#8221;4.16&#8243; custom_padding=&#8221;|||&#8221; global_colors_info=&#8221;{}&#8221; custom_padding__hover=&#8221;|||&#8221;][et_pb_text _builder_version=&#8221;4.16&#8243; text_font=&#8221;||||||||&#8221; text_font_size=&#8221;16px&#8221; text_line_height=&#8221;2em&#8221; header_font=&#8221;||||||||&#8221; header_2_font=&#8221;Raleway|700|||||||&#8221; header_2_text_color=&#8221;#3cb81a&#8221; header_2_font_size=&#8221;50px&#8221; header_2_line_height=&#8221;1.4em&#8221; header_6_font=&#8221;Raleway|700||on|||||&#8221; header_6_font_size=&#8221;16px&#8221; header_6_letter_spacing=&#8221;5px&#8221; header_6_line_height=&#8221;1.8em&#8221; module_alignment=&#8221;center&#8221; custom_padding=&#8221;||0px|||&#8221; header_2_font_size_tablet=&#8221;35px&#8221; header_2_font_size_phone=&#8221;25px&#8221; header_2_font_size_last_edited=&#8221;on|phone&#8221; global_colors_info=&#8221;{}&#8221;]<\/p>\n<h6>WE ARE HAPPY TO PROVIDE A QUOTE<\/h6>\n<h2>Please fill in the following form.<\/h2>\n<p>&nbsp;<\/p>\n<p>[\/et_pb_text][\/et_pb_column][\/et_pb_row][et_pb_row column_structure=&#8221;1_2,1_2&#8243; _builder_version=&#8221;4.16&#8243; custom_padding=&#8221;27px|0px|2px|0px|false|false&#8221; global_colors_info=&#8221;{}&#8221;][et_pb_column type=&#8221;1_2&#8243; _builder_version=&#8221;4.16&#8243; custom_padding=&#8221;|||&#8221; global_colors_info=&#8221;{}&#8221; custom_padding__hover=&#8221;|||&#8221;][et_pb_code _builder_version=&#8221;4.17.4&#8243; _module_preset=&#8221;default&#8221; global_colors_info=&#8221;{}&#8221;]\n<div class=\"wpcf7 no-js\" id=\"wpcf7-f687-o1\" lang=\"hu-HU\" dir=\"ltr\" data-wpcf7-id=\"687\">\n<div class=\"screen-reader-response\"><p role=\"status\" aria-live=\"polite\" aria-atomic=\"true\"><\/p> <ul><\/ul><\/div>\n<form action=\"\/en\/wp-json\/wp\/v2\/pages\/271#wpcf7-f687-o1\" method=\"post\" class=\"wpcf7-form init\" aria-label=\"Kapcsolatfelv\u00e9teli \u0171rlap\" novalidate=\"novalidate\" data-status=\"init\" data-trp-original-action=\"\/en\/wp-json\/wp\/v2\/pages\/271#wpcf7-f687-o1\">\n<fieldset class=\"hidden-fields-container\"><input type=\"hidden\" name=\"_wpcf7\" value=\"687\" \/><input type=\"hidden\" name=\"_wpcf7_version\" value=\"6.1.4\" \/><input type=\"hidden\" name=\"_wpcf7_locale\" value=\"hu_HU\" \/><input type=\"hidden\" name=\"_wpcf7_unit_tag\" value=\"wpcf7-f687-o1\" \/><input type=\"hidden\" name=\"_wpcf7_container_post\" value=\"0\" \/><input type=\"hidden\" name=\"_wpcf7_posted_data_hash\" value=\"\" \/><input type=\"hidden\" name=\"_wpcf7_recaptcha_response\" value=\"\" \/>\n<\/fieldset>\n<div class=\"kapcsolat-row-full\">\n <div class=\"kapcsolat-full\">\n  <span class=\"wpcf7-form-control-wrap\" data-name=\"ajanlat-name\"><input size=\"40\" maxlength=\"400\" class=\"wpcf7-form-control wpcf7-text wpcf7-validates-as-required\" aria-required=\"true\" aria-invalid=\"false\" placeholder=\"Name*\" value=\"\" type=\"text\" name=\"ajanlat-name\" \/><\/span>\n <\/div>\n <div class=\"kapcsolat-full\">\n  <span class=\"wpcf7-form-control-wrap\" data-name=\"ajanlat-email\"><input size=\"40\" maxlength=\"400\" class=\"wpcf7-form-control wpcf7-email wpcf7-validates-as-required wpcf7-text wpcf7-validates-as-email\" aria-required=\"true\" aria-invalid=\"false\" placeholder=\"E-mail*\" value=\"\" type=\"email\" name=\"ajanlat-email\" \/><\/span>\n <\/div>\n <div class=\"kapcsolat-full\">\n  <span class=\"wpcf7-form-control-wrap\" data-name=\"ajanlat-telefon\"><input size=\"40\" maxlength=\"400\" class=\"wpcf7-form-control wpcf7-tel wpcf7-text wpcf7-validates-as-tel\" aria-invalid=\"false\" placeholder=\"Phone number\" value=\"\" type=\"tel\" name=\"ajanlat-telefon\" \/><\/span>\n <\/div>\n <div class=\"kapcsolat-full\">\n  <span class=\"wpcf7-form-control-wrap\" data-name=\"ajanlat-cim\"><input size=\"40\" maxlength=\"400\" class=\"wpcf7-form-control wpcf7-text wpcf7-validates-as-required\" aria-required=\"true\" aria-invalid=\"false\" placeholder=\"Shipping Address (Postcode)*\" value=\"\" type=\"text\" name=\"ajanlat-cim\" \/><\/span>\n <\/div>\n <div class=\"kapcsolat-full\">\n  <span class=\"wpcf7-form-control-wrap\" data-name=\"ajanlat-terulet-nagysaga\"><input size=\"40\" maxlength=\"400\" class=\"wpcf7-form-control wpcf7-text wpcf7-validates-as-required\" aria-required=\"true\" aria-invalid=\"false\" placeholder=\"Area size (ha)\" value=\"\" type=\"text\" name=\"ajanlat-terulet-nagysaga\" \/><\/span>\n <\/div>\n <div class=\"kapcsolat-full\">\n  <div class=\"kapcsolat-checkboxes-label\">What kind of plant do you grow? (You can mark more than one)<\/div>\n  <span class=\"wpcf7-form-control-wrap\" data-name=\"ajanlat-termeszt\"><span class=\"wpcf7-form-control wpcf7-checkbox\"><span class=\"wpcf7-list-item first\"><label><input type=\"checkbox\" name=\"ajanlat-termeszt[]\" value=\"\u00c1rpa\" \/><span class=\"wpcf7-list-item-label\">Barley<\/span><\/label><\/span><span class=\"wpcf7-list-item\"><label><input type=\"checkbox\" name=\"ajanlat-termeszt[]\" value=\"B\u00faza\" \/><span class=\"wpcf7-list-item-label\">Wheat<\/span><\/label><\/span><span class=\"wpcf7-list-item\"><label><input type=\"checkbox\" name=\"ajanlat-termeszt[]\" value=\"Kukorica\" \/><span class=\"wpcf7-list-item-label\">Corn<\/span><\/label><\/span><span class=\"wpcf7-list-item\"><label><input type=\"checkbox\" name=\"ajanlat-termeszt[]\" value=\"Lucerna\" \/><span class=\"wpcf7-list-item-label\">Alfalfa<\/span><\/label><\/span><span class=\"wpcf7-list-item last\"><label><input type=\"checkbox\" name=\"ajanlat-termeszt[]\" value=\"Egy\u00e9b\" \/><span class=\"wpcf7-list-item-label\">Other<\/span><\/label><\/span><\/span><\/span>\n <\/div>\n <div class=\"kapcsolat-full\">\n  <span class=\"wpcf7-form-control-wrap\" data-name=\"ajanlat-uzenet\"><textarea cols=\"40\" rows=\"10\" maxlength=\"2000\" class=\"wpcf7-form-control wpcf7-textarea\" aria-invalid=\"false\" placeholder=\"Message\" name=\"ajanlat-uzenet\"><\/textarea><\/span>\n <\/div>\n <div class=\"kapcsolat-full\">\n  <input class=\"wpcf7-form-control wpcf7-submit has-spinner\" type=\"submit\" value=\"Send\" \/>\n <\/div>\n<\/div><div class=\"wpcf7-response-output\" aria-hidden=\"true\"><\/div>\n<input type=\"hidden\" name=\"trp-form-language\" value=\"en\"\/><\/form>\n<\/div>\n[\/et_pb_code][\/et_pb_column][et_pb_column type=&#8221;1_2&#8243; _builder_version=&#8221;4.16&#8243; custom_padding=&#8221;|||&#8221; global_colors_info=&#8221;{}&#8221; custom_padding__hover=&#8221;|||&#8221;][et_pb_text _builder_version=&#8221;4.17.4&#8243; text_font=&#8221;|300|||||||&#8221; text_font_size=&#8221;16px&#8221; text_line_height=&#8221;1.8em&#8221; header_font=&#8221;||||||||&#8221; header_2_font=&#8221;Raleway|700|||||||&#8221; header_2_font_size=&#8221;50px&#8221; header_2_line_height=&#8221;1.4em&#8221; header_3_line_height=&#8221;1.5em&#8221; header_6_font=&#8221;Raleway|700||on|||||&#8221; header_6_font_size=&#8221;16px&#8221; header_6_letter_spacing=&#8221;5px&#8221; header_6_line_height=&#8221;1.8em&#8221; max_width=&#8221;500px&#8221; module_alignment=&#8221;left&#8221; custom_margin=&#8221;||0px&#8221; custom_padding=&#8221;||10px||false|false&#8221; hover_enabled=&#8221;0&#8243; header_2_font_size_tablet=&#8221;35px&#8221; header_2_font_size_phone=&#8221;25px&#8221; header_2_font_size_last_edited=&#8221;on|phone&#8221; locked=&#8221;off&#8221; global_colors_info=&#8221;{}&#8221; sticky_enabled=&#8221;0&#8243;]<\/p>\n<h3><strong>WHY DO WE NEED THESE DATA?<\/strong><\/h3>\n<p><strong>Only the 3 fields indicated with a star are essential to be filled in for a detailed quote \u2013 the other fields are optional, although useful.<\/strong><\/p>\n<p>1. A significant proportion of the product price is made up of the delivery cost, which is why we need your post code to determine the shipping costs.<\/p>\n<p>2. It is optional to provide the type of crop, but it can be useful for determining the required quantity.<\/p>\n<p>3. It is useful to provide the size of the area so that we can give a more precise shipping cost. We can offer a discount above a certain size.<\/p>\n<p>Of course, we keep your data confidential.<strong><\/strong><\/p>\n<p>[\/et_pb_text][et_pb_text _builder_version=&#8221;4.16&#8243; text_font=&#8221;|300|||||||&#8221; text_font_size=&#8221;17px&#8221; text_line_height=&#8221;1.6em&#8221; header_font=&#8221;||||||||&#8221; header_2_font=&#8221;Raleway|700|||||||&#8221; header_2_font_size=&#8221;50px&#8221; header_2_line_height=&#8221;1.2em&#8221; header_3_font=&#8221;Raleway||||||||&#8221; header_3_line_height=&#8221;1.5em&#8221; header_6_font=&#8221;Raleway|700||on|||||&#8221; header_6_font_size=&#8221;16px&#8221; header_6_letter_spacing=&#8221;5px&#8221; header_6_line_height=&#8221;1.8em&#8221; max_width=&#8221;500px&#8221; module_alignment=&#8221;left&#8221; custom_margin=&#8221;20px||&#8221; header_2_font_size_tablet=&#8221;35px&#8221; header_2_font_size_phone=&#8221;25px&#8221; header_2_font_size_last_edited=&#8221;on|phone&#8221; locked=&#8221;off&#8221; global_colors_info=&#8221;{}&#8221;]<\/p>\n<h3><strong>WHAT WILL HAPPEN WHEN YOU  SEND YOUR REQUEST FOR A QUOTE?<\/strong><\/h3>\n<p>Our colleagues will prepare your personalized quote within 1 working day and will send it to you via e-mail.<\/p>\n<p>If you have any questions, of course we will answer them as well!<\/p>\n<p>[\/et_pb_text][\/et_pb_column][\/et_pb_row][\/et_pb_section]<\/p>\n<span class=\"et_bloom_bottom_trigger\"><\/span>","protected":false},"excerpt":{"rendered":"<p>SZEM\u00c9LYRE SZABOTT \u00c1RAJ\u00c1NLATK\u00c9R\u00c9S\u00f6r\u00f6mmel adunk aj\u00e1nlatot K\u00e9rj\u00fck t\u00f6ltse ki az al\u00e1bbi \u0171rlapot! &nbsp;\n<div class=\"wpcf7 no-js\" id=\"wpcf7-f687-o2\" lang=\"hu-HU\" dir=\"ltr\" data-wpcf7-id=\"687\">\n<div class=\"screen-reader-response\"><p role=\"status\" aria-live=\"polite\" aria-atomic=\"true\"><\/p> <ul><\/ul><\/div>\n<form action=\"\/en\/wp-json\/wp\/v2\/pages\/271#wpcf7-f687-o2\" method=\"post\" class=\"wpcf7-form init\" aria-label=\"Kapcsolatfelv\u00e9teli \u0171rlap\" novalidate=\"novalidate\" data-status=\"init\" data-trp-original-action=\"\/en\/wp-json\/wp\/v2\/pages\/271#wpcf7-f687-o2\">\n<fieldset class=\"hidden-fields-container\"><input type=\"hidden\" name=\"_wpcf7\" value=\"687\" \/><input type=\"hidden\" name=\"_wpcf7_version\" value=\"6.1.4\" \/><input type=\"hidden\" name=\"_wpcf7_locale\" value=\"hu_HU\" \/><input type=\"hidden\" name=\"_wpcf7_unit_tag\" value=\"wpcf7-f687-o2\" \/><input type=\"hidden\" name=\"_wpcf7_container_post\" value=\"0\" \/><input type=\"hidden\" name=\"_wpcf7_posted_data_hash\" value=\"\" \/><input type=\"hidden\" name=\"_wpcf7_recaptcha_response\" value=\"\" \/>\n<\/fieldset>\n<div class=\"kapcsolat-row-full\">\n <div class=\"kapcsolat-full\">\n  <span class=\"wpcf7-form-control-wrap\" data-name=\"ajanlat-name\"><input size=\"40\" maxlength=\"400\" class=\"wpcf7-form-control wpcf7-text wpcf7-validates-as-required\" aria-required=\"true\" aria-invalid=\"false\" placeholder=\"Name*\" value=\"\" type=\"text\" name=\"ajanlat-name\" \/><\/span>\n <\/div>\n <div class=\"kapcsolat-full\">\n  <span class=\"wpcf7-form-control-wrap\" data-name=\"ajanlat-email\"><input size=\"40\" maxlength=\"400\" class=\"wpcf7-form-control wpcf7-email wpcf7-validates-as-required wpcf7-text wpcf7-validates-as-email\" aria-required=\"true\" aria-invalid=\"false\" placeholder=\"E-mail*\" value=\"\" type=\"email\" name=\"ajanlat-email\" \/><\/span>\n <\/div>\n <div class=\"kapcsolat-full\">\n  <span class=\"wpcf7-form-control-wrap\" data-name=\"ajanlat-telefon\"><input size=\"40\" maxlength=\"400\" class=\"wpcf7-form-control wpcf7-tel wpcf7-text wpcf7-validates-as-tel\" aria-invalid=\"false\" placeholder=\"Phone number\" value=\"\" type=\"tel\" name=\"ajanlat-telefon\" \/><\/span>\n <\/div>\n <div class=\"kapcsolat-full\">\n  <span class=\"wpcf7-form-control-wrap\" data-name=\"ajanlat-cim\"><input size=\"40\" maxlength=\"400\" class=\"wpcf7-form-control wpcf7-text wpcf7-validates-as-required\" aria-required=\"true\" aria-invalid=\"false\" placeholder=\"Shipping Address (Postcode)*\" value=\"\" type=\"text\" name=\"ajanlat-cim\" \/><\/span>\n <\/div>\n <div class=\"kapcsolat-full\">\n  <span class=\"wpcf7-form-control-wrap\" data-name=\"ajanlat-terulet-nagysaga\"><input size=\"40\" maxlength=\"400\" class=\"wpcf7-form-control wpcf7-text wpcf7-validates-as-required\" aria-required=\"true\" aria-invalid=\"false\" placeholder=\"Area size (ha)\" value=\"\" type=\"text\" name=\"ajanlat-terulet-nagysaga\" \/><\/span>\n <\/div>\n <div class=\"kapcsolat-full\">\n  <div class=\"kapcsolat-checkboxes-label\">What kind of plant do you grow? (You can mark more than one)<\/div>\n  <span class=\"wpcf7-form-control-wrap\" data-name=\"ajanlat-termeszt\"><span class=\"wpcf7-form-control wpcf7-checkbox\"><span class=\"wpcf7-list-item first\"><label><input type=\"checkbox\" name=\"ajanlat-termeszt[]\" value=\"\u00c1rpa\" \/><span class=\"wpcf7-list-item-label\">Barley<\/span><\/label><\/span><span class=\"wpcf7-list-item\"><label><input type=\"checkbox\" name=\"ajanlat-termeszt[]\" value=\"B\u00faza\" \/><span class=\"wpcf7-list-item-label\">Wheat<\/span><\/label><\/span><span class=\"wpcf7-list-item\"><label><input type=\"checkbox\" name=\"ajanlat-termeszt[]\" value=\"Kukorica\" \/><span class=\"wpcf7-list-item-label\">Corn<\/span><\/label><\/span><span class=\"wpcf7-list-item\"><label><input type=\"checkbox\" name=\"ajanlat-termeszt[]\" value=\"Lucerna\" \/><span class=\"wpcf7-list-item-label\">Alfalfa<\/span><\/label><\/span><span class=\"wpcf7-list-item last\"><label><input type=\"checkbox\" name=\"ajanlat-termeszt[]\" value=\"Egy\u00e9b\" \/><span class=\"wpcf7-list-item-label\">Other<\/span><\/label><\/span><\/span><\/span>\n <\/div>\n <div class=\"kapcsolat-full\">\n  <span class=\"wpcf7-form-control-wrap\" data-name=\"ajanlat-uzenet\"><textarea cols=\"40\" rows=\"10\" maxlength=\"2000\" class=\"wpcf7-form-control wpcf7-textarea\" aria-invalid=\"false\" placeholder=\"Message\" name=\"ajanlat-uzenet\"><\/textarea><\/span>\n <\/div>\n <div class=\"kapcsolat-full\">\n  <input class=\"wpcf7-form-control wpcf7-submit has-spinner\" type=\"submit\" value=\"Send\" \/>\n <\/div>\n<\/div><div class=\"wpcf7-response-output\" aria-hidden=\"true\"><\/div>\n<input type=\"hidden\" name=\"trp-form-language\" value=\"en\"\/><\/form>\n<\/div>\nMI\u00c9RT K\u00c9RJ\u00dcK EZEN ADATOKAT? Kiz\u00e1r\u00f3lag a csillaggal jel\u00f6lt 3 mez\u0151 kit\u00f6lt\u00e9se n\u00e9lk\u00fcl\u00f6zhetetlen a r\u00e9szletes aj\u00e1nlathoz, a t\u00f6bbi mez\u0151 opcion\u00e1lis, de hasznos. 1. A term\u00e9k \u00e1r\u00e1nak sz\u00e1mottev\u0151 r\u00e9sze a sz\u00e1ll\u00edt\u00e1si k\u00f6lts\u00e9g, ez\u00e9rt van sz\u00fcks\u00e9g\u00fcnk az ir\u00e1ny\u00edt\u00f3sz\u00e1m\u00e1ra, mert ez alapj\u00e1n tudjuk a fuvark\u00f6lts\u00e9get [&hellip;]<\/p>","protected":false},"author":2,"featured_media":0,"parent":0,"menu_order":0,"comment_status":"closed","ping_status":"closed","template":"","meta":{"_et_pb_use_builder":"on","_et_pb_old_content":"","_et_gb_content_width":"","footnotes":""},"class_list":["post-271","page","type-page","status-publish","hentry"],"_links":{"self":[{"href":"https:\/\/geokalk.hu\/en\/wp-json\/wp\/v2\/pages\/271","targetHints":{"allow":["GET"]}}],"collection":[{"href":"https:\/\/geokalk.hu\/en\/wp-json\/wp\/v2\/pages"}],"about":[{"href":"https:\/\/geokalk.hu\/en\/wp-json\/wp\/v2\/types\/page"}],"author":[{"embeddable":true,"href":"https:\/\/geokalk.hu\/en\/wp-json\/wp\/v2\/users\/2"}],"replies":[{"embeddable":true,"href":"https:\/\/geokalk.hu\/en\/wp-json\/wp\/v2\/comments?post=271"}],"version-history":[{"count":18,"href":"https:\/\/geokalk.hu\/en\/wp-json\/wp\/v2\/pages\/271\/revisions"}],"predecessor-version":[{"id":1012,"href":"https:\/\/geokalk.hu\/en\/wp-json\/wp\/v2\/pages\/271\/revisions\/1012"}],"wp:attachment":[{"href":"https:\/\/geokalk.hu\/en\/wp-json\/wp\/v2\/media?parent=271"}],"curies":[{"name":"wp","href":"https:\/\/api.w.org\/{rel}","templated":true}]}}